{"id":1320,"date":"2022-11-26T16:01:52","date_gmt":"2022-11-26T15:01:52","guid":{"rendered":"https:\/\/zueri-homoeopathie.ch\/v0\/?page_id=1320"},"modified":"2022-12-02T00:39:25","modified_gmt":"2022-12-01T23:39:25","slug":"methode-fl","status":"publish","type":"page","link":"https:\/\/zueri-homoeopathie.ch\/v0\/methode-fl\/","title":{"rendered":"Methode"},"content":{"rendered":"<p>[et_pb_section fb_built=&#8220;1&#8243; fullwidth=&#8220;on&#8220; _builder_version=&#8220;4.19.1&#8243; _module_preset=&#8220;default&#8220; background_color=&#8220;#2ea3f2&#8243; use_background_color_gradient=&#8220;on&#8220; background_color_gradient_direction=&#8220;330deg&#8220; background_color_gradient_stops=&#8220;#2ea3f2 0%|#2e6df4 100%&#8220; background_color_gradient_start=&#8220;#2ea3f2&#8243; background_color_gradient_end=&#8220;#2e6df4&#8243; background_image=&#8220;https:\/\/zueri-homoeopathie.ch\/v0\/wp-content\/uploads\/2022\/07\/Homoeopathie_2_Prafull-Vijayakar_2_8235-Kopie.jpg&#8220; collapsed=&#8220;off&#8220; global_colors_info=&#8220;{}&#8220;][et_pb_fullwidth_header title=&#8220;Methode&#8220; subhead=&#8220;Z\u00fcri Hom\u00f6opathie &#8211; Heilpflanzenpraxis Michael Senn&#8220; content_max_width=&#8220;none&#8220; _builder_version=&#8220;4.19.1&#8243; _module_preset=&#8220;default&#8220; title_text_color=&#8220;#000000&#8243; subhead_text_color=&#8220;#000000&#8243; background_color=&#8220;rgba(255, 255, 255, 0)&#8220; global_colors_info=&#8220;{}&#8220; button_one_text_size__hover_enabled=&#8220;off&#8220; button_two_text_size__hover_enabled=&#8220;off&#8220; button_one_text_color__hover_enabled=&#8220;off&#8220; button_two_text_color__hover_enabled=&#8220;off&#8220; button_one_border_width__hover_enabled=&#8220;off&#8220; button_two_border_width__hover_enabled=&#8220;off&#8220; button_one_border_color__hover_enabled=&#8220;off&#8220; button_two_border_color__hover_enabled=&#8220;off&#8220; button_one_border_radius__hover_enabled=&#8220;off&#8220; button_two_border_radius__hover_enabled=&#8220;off&#8220; button_one_letter_spacing__hover_enabled=&#8220;off&#8220; button_two_letter_spacing__hover_enabled=&#8220;off&#8220; button_one_bg_color__hover_enabled=&#8220;off&#8220; button_two_bg_color__hover_enabled=&#8220;off&#8220;][\/et_pb_fullwidth_header][\/et_pb_section][et_pb_section fb_built=&#8220;1&#8243; _builder_version=&#8220;4.16&#8243; _module_preset=&#8220;default&#8220; collapsed=&#8220;off&#8220; global_colors_info=&#8220;{}&#8220;][et_pb_row _builder_version=&#8220;4.19.2&#8243; _module_preset=&#8220;default&#8220; hover_enabled=&#8220;0&#8243; global_colors_info=&#8220;{}&#8220; custom_margin=&#8220;-50px||||false|false&#8220; sticky_enabled=&#8220;0&#8243;][et_pb_column type=&#8220;4_4&#8243; _builder_version=&#8220;4.19.1&#8243; _module_preset=&#8220;default&#8220; global_colors_info=&#8220;{}&#8220;][et_pb_text _builder_version=&#8220;4.19.1&#8243; _module_preset=&#8220;default&#8220; text_text_color=&#8220;#000000&#8243; global_colors_info=&#8220;{}&#8220;]<\/p>\n<p>Ich arbeite als klassischer Hom\u00f6opath, das heisst nach den Grunds\u00e4tzen des Begr\u00fcnders Samuel Hahnemann (1755- 1845), niedergeschrieben im Organon der Heilkunst, 6. Auflage (erschienen posthum 1921).<br \/>Die Hom\u00f6opathie ist wie jede lebende medizinische Dom\u00e4ne st\u00e4ndiger Weiterentwicklung unterworfen. Samuel Hahnemann wusste beispielweise noch die Wirkungen all seiner gepr\u00fcften Substanzen auswendig, w\u00e4hrend wir heute auf Computersysteme zur\u00fcckgreifen.<br \/>Seit 2011 besuche ich vor allem Weiterbildungen in \u00abPreventive Homeopathy\u00bb, einer Methode, welche auf den Arbeiten Dr. Prafull Vijayakars (1952- 2020) (siehe Bild) beruht.<br \/>Die \u00abPreventive Homeopathy\u00bb, zu deutsch \u00abvorausschauende Hom\u00f6opathie\u00bb, macht sich zur Aufgabe, die heutigen medizinischen Erkenntnisse in Einklang mit der 200 j\u00e4hrigen Hom\u00f6opathie- Lehre zu bringen. Der Krankheitsprozess wird als ein Kontinuum gesehen, wo sich durch das Verst\u00e4ndnis der grundlegenden Wirkmechanismen Tendenzen zu Gesundheit oder Krankheit voraussagen lassen.<br \/>Wichtig in der Hom\u00f6opathie ist:<br \/>Es wird nicht die Krankheit im Menschen, sondern der kranke Mensch behandelt. Alle von aussen wahrnehmbaren Erscheinungen werden mit einbezogen, zus\u00e4tzlich zu den momentan belastendsten Beschwerden.<br \/>Im Gegensatz zur Schulmedizin sind genau die Symptome wichtig, die sich scheinbar nicht einordnen lassen, weil diese Ausdruck der Individualit\u00e4t sind (Beispiel: Verlangen nach heissen Getr\u00e4nken bei entz\u00fcndetem Hals).<br \/>Der Folgetermin ist besonders wichtig, weil erst hier durch Befragung festgestellt werden kann, ob man auf dem richtigen Weg ist. Ein klug gew\u00e4hltes Mittel l\u00f6st etwas aus, ein unklug gew\u00e4hltes wirkt unbemerkt bis gar nicht. Oft braucht es mehrere Anl\u00e4ufe, bis ein gut wirksames Mittel gefunden wird.<\/p>\n<p>[\/et_pb_text][\/et_pb_column][\/et_pb_row][\/et_pb_section][et_pb_section fb_built=&#8220;1&#8243; fullwidth=&#8220;on&#8220; _builder_version=&#8220;4.16&#8243; _module_preset=&#8220;default&#8220; collapsed=&#8220;off&#8220; global_colors_info=&#8220;{}&#8220;][\/et_pb_section]<\/p>\n","protected":false},"excerpt":{"rendered":"<p>Ich arbeite als klassischer Hom\u00f6opath, das heisst nach den Grunds\u00e4tzen des Begr\u00fcnders Samuel Hahnemann (1755- 1845), niedergeschrieben im Organon der Heilkunst, 6. Auflage (erschienen posthum 1921).Die Hom\u00f6opathie ist wie jede lebende medizinische Dom\u00e4ne st\u00e4ndiger Weiterentwicklung unterworfen. Samuel Hahnemann wusste beispielweise noch die Wirkungen all seiner gepr\u00fcften Substanzen auswendig, w\u00e4hrend wir heute auf Computersysteme zur\u00fcckgreifen.Seit 2011 [&hellip;]<\/p>\n","protected":false},"author":2,"featured_media":0,"parent":0,"menu_order":0,"comment_status":"closed","ping_status":"closed","template":"","meta":{"_et_pb_use_builder":"on","_et_pb_old_content":"","_et_gb_content_width":""},"_links":{"self":[{"href":"https:\/\/zueri-homoeopathie.ch\/v0\/wp-json\/wp\/v2\/pages\/1320"}],"collection":[{"href":"https:\/\/zueri-homoeopathie.ch\/v0\/wp-json\/wp\/v2\/pages"}],"about":[{"href":"https:\/\/zueri-homoeopathie.ch\/v0\/wp-json\/wp\/v2\/types\/page"}],"author":[{"embeddable":true,"href":"https:\/\/zueri-homoeopathie.ch\/v0\/wp-json\/wp\/v2\/users\/2"}],"replies":[{"embeddable":true,"href":"https:\/\/zueri-homoeopathie.ch\/v0\/wp-json\/wp\/v2\/comments?post=1320"}],"version-history":[{"count":8,"href":"https:\/\/zueri-homoeopathie.ch\/v0\/wp-json\/wp\/v2\/pages\/1320\/revisions"}],"predecessor-version":[{"id":1534,"href":"https:\/\/zueri-homoeopathie.ch\/v0\/wp-json\/wp\/v2\/pages\/1320\/revisions\/1534"}],"wp:attachment":[{"href":"https:\/\/zueri-homoeopathie.ch\/v0\/wp-json\/wp\/v2\/media?parent=1320"}],"curies":[{"name":"wp","href":"https:\/\/api.w.org\/{rel}","templated":true}]}}