{"id":1302,"date":"2022-11-26T15:52:02","date_gmt":"2022-11-26T14:52:02","guid":{"rendered":"https:\/\/zueri-homoeopathie.ch\/v0\/?page_id=1302"},"modified":"2022-12-02T00:44:05","modified_gmt":"2022-12-01T23:44:05","slug":"formulare-fl","status":"publish","type":"page","link":"https:\/\/zueri-homoeopathie.ch\/v0\/formulare-fl\/","title":{"rendered":"Formulare"},"content":{"rendered":"<p>[et_pb_section fb_built=&#8220;1&#8243; fullwidth=&#8220;on&#8220; _builder_version=&#8220;4.19.1&#8243; _module_preset=&#8220;default&#8220; background_color=&#8220;#2ea3f2&#8243; use_background_color_gradient=&#8220;on&#8220; background_color_gradient_direction=&#8220;330deg&#8220; background_color_gradient_stops=&#8220;#2ea3f2 0%|#2e6df4 100%&#8220; background_color_gradient_start=&#8220;#2ea3f2&#8243; background_color_gradient_end=&#8220;#2e6df4&#8243; background_image=&#8220;https:\/\/zueri-homoeopathie.ch\/v0\/wp-content\/uploads\/2022\/07\/Diverse_7_Garben_4220.jpg&#8220; collapsed=&#8220;off&#8220; global_colors_info=&#8220;{}&#8220;][et_pb_fullwidth_header title=&#8220;Formulare \/ Downloads&#8220; subhead=&#8220;Z\u00fcri Hom\u00f6opathie &#8211; Heilpflanzenpraxis Michael Senn&#8220; content_max_width=&#8220;none&#8220; _builder_version=&#8220;4.19.1&#8243; _module_preset=&#8220;default&#8220; title_text_color=&#8220;#FFFFFF&#8220; subhead_text_color=&#8220;#FFFFFF&#8220; background_color=&#8220;rgba(255, 255, 255, 0)&#8220; global_colors_info=&#8220;{}&#8220; button_one_text_size__hover_enabled=&#8220;off&#8220; button_two_text_size__hover_enabled=&#8220;off&#8220; button_one_text_color__hover_enabled=&#8220;off&#8220; button_two_text_color__hover_enabled=&#8220;off&#8220; button_one_border_width__hover_enabled=&#8220;off&#8220; button_two_border_width__hover_enabled=&#8220;off&#8220; button_one_border_color__hover_enabled=&#8220;off&#8220; button_two_border_color__hover_enabled=&#8220;off&#8220; button_one_border_radius__hover_enabled=&#8220;off&#8220; button_two_border_radius__hover_enabled=&#8220;off&#8220; button_one_letter_spacing__hover_enabled=&#8220;off&#8220; button_two_letter_spacing__hover_enabled=&#8220;off&#8220; button_one_bg_color__hover_enabled=&#8220;off&#8220; button_two_bg_color__hover_enabled=&#8220;off&#8220;][\/et_pb_fullwidth_header][\/et_pb_section][et_pb_section fb_built=&#8220;1&#8243; _builder_version=&#8220;4.16&#8243; _module_preset=&#8220;default&#8220; global_colors_info=&#8220;{}&#8220;][et_pb_row _builder_version=&#8220;4.19.2&#8243; _module_preset=&#8220;default&#8220; hover_enabled=&#8220;0&#8243; global_colors_info=&#8220;{}&#8220; custom_margin=&#8220;-50px||||false|false&#8220; sticky_enabled=&#8220;0&#8243;][et_pb_column type=&#8220;4_4&#8243; _builder_version=&#8220;4.16&#8243; _module_preset=&#8220;default&#8220; global_colors_info=&#8220;{}&#8220;][et_pb_text _builder_version=&#8220;4.19.1&#8243; _module_preset=&#8220;default&#8220; text_text_color=&#8220;#000000&#8243; global_colors_info=&#8220;{}&#8220;]<\/p>\n<p>Im Folgenden finden Sie Dateien, die Sie f\u00fcr den privaten Gebrauch frei herunterladen und ben\u00fctzen k\u00f6nnen.<\/p>\n<p>Vor einer \u00f6ffentlichen Verwendung, auch Auszugsweise, bitte ich um R\u00fcckfrage.<\/p>\n<ul>\n<li><a href=\"https:\/\/zueri-homoeopathie.ch\/v0\/edoc\/Anamnesebogen_Erw_14.doc\" target=\"_blank\" rel=\"noopener\"> Fragebogen Hom\u00f6opathie f\u00fcr Erwachsene<\/a><\/li>\n<li><a href=\"https:\/\/zueri-homoeopathie.ch\/v0\/edoc\/Anamnesebogen_Kind_14.doc\" target=\"_blank\" rel=\"noopener\">Fragebogen Hom\u00f6opathie f\u00fcr Kinder<\/a><a href=\"https:\/\/zueri-homoeopathie.ch\/v0\/edoc\/Projekt_Bergstrasse_Uranus_Nov21.pdf\" target=\"_blank\" rel=\"noopener\"><\/a><\/li>\n<\/ul>\n<p>[\/et_pb_text][\/et_pb_column][\/et_pb_row][\/et_pb_section]<\/p>\n","protected":false},"excerpt":{"rendered":"<p>Im Folgenden finden Sie Dateien, die Sie f\u00fcr den privaten Gebrauch frei herunterladen und ben\u00fctzen k\u00f6nnen. Vor einer \u00f6ffentlichen Verwendung, auch Auszugsweise, bitte ich um R\u00fcckfrage. Fragebogen Hom\u00f6opathie f\u00fcr Erwachsene Fragebogen Hom\u00f6opathie f\u00fcr Kinder<\/p>\n","protected":false},"author":2,"featured_media":0,"parent":0,"menu_order":0,"comment_status":"closed","ping_status":"closed","template":"","meta":{"_et_pb_use_builder":"on","_et_pb_old_content":"","_et_gb_content_width":""},"_links":{"self":[{"href":"https:\/\/zueri-homoeopathie.ch\/v0\/wp-json\/wp\/v2\/pages\/1302"}],"collection":[{"href":"https:\/\/zueri-homoeopathie.ch\/v0\/wp-json\/wp\/v2\/pages"}],"about":[{"href":"https:\/\/zueri-homoeopathie.ch\/v0\/wp-json\/wp\/v2\/types\/page"}],"author":[{"embeddable":true,"href":"https:\/\/zueri-homoeopathie.ch\/v0\/wp-json\/wp\/v2\/users\/2"}],"replies":[{"embeddable":true,"href":"https:\/\/zueri-homoeopathie.ch\/v0\/wp-json\/wp\/v2\/comments?post=1302"}],"version-history":[{"count":5,"href":"https:\/\/zueri-homoeopathie.ch\/v0\/wp-json\/wp\/v2\/pages\/1302\/revisions"}],"predecessor-version":[{"id":1539,"href":"https:\/\/zueri-homoeopathie.ch\/v0\/wp-json\/wp\/v2\/pages\/1302\/revisions\/1539"}],"wp:attachment":[{"href":"https:\/\/zueri-homoeopathie.ch\/v0\/wp-json\/wp\/v2\/media?parent=1302"}],"curies":[{"name":"wp","href":"https:\/\/api.w.org\/{rel}","templated":true}]}}