{"id":1296,"date":"2022-11-26T15:48:25","date_gmt":"2022-11-26T14:48:25","guid":{"rendered":"https:\/\/zueri-homoeopathie.ch\/v0\/?page_id=1296"},"modified":"2022-12-02T00:42:16","modified_gmt":"2022-12-01T23:42:16","slug":"home-fl","status":"publish","type":"page","link":"https:\/\/zueri-homoeopathie.ch\/v0\/","title":{"rendered":"Home"},"content":{"rendered":"<p>[et_pb_section fb_built=&#8220;1&#8243; fullwidth=&#8220;on&#8220; _builder_version=&#8220;4.16&#8243; _module_preset=&#8220;default&#8220; background_color=&#8220;#2ea3f2&#8243; use_background_color_gradient=&#8220;on&#8220; background_color_gradient_direction=&#8220;330deg&#8220; background_color_gradient_stops=&#8220;#2ea3f2 0%|#2e6df4 100%&#8220; background_color_gradient_start=&#8220;#2ea3f2&#8243; background_color_gradient_end=&#8220;#2e6df4&#8243; background_image=&#8220;https:\/\/zueri-homoeopathie.ch\/v0\/wp-content\/uploads\/2021\/07\/Shutterstock_ID_1443758708.png&#8220; global_colors_info=&#8220;{}&#8220;][et_pb_fullwidth_header title=&#8220;Home&#8220; subhead=&#8220;Z\u00fcri Hom\u00f6opathie &#8211; Praxis Michael Senn&#8220; _builder_version=&#8220;4.19.1&#8243; _module_preset=&#8220;default&#8220; title_font=&#8220;||||||||&#8220; title_text_align=&#8220;center&#8220; title_text_color=&#8220;#FFFFFF&#8220; subhead_text_align=&#8220;center&#8220; subhead_text_color=&#8220;#FFFFFF&#8220; background_color=&#8220;rgba(255, 255, 255, 0)&#8220; background_image=&#8220;https:\/\/zueri-homoeopathie.ch\/v0\/wp-content\/uploads\/2022\/07\/Homoeopathie_3_Hand_Mond_1_5127_2.jpg&#8220; global_colors_info=&#8220;{}&#8220; button_one_text_size__hover_enabled=&#8220;off&#8220; button_two_text_size__hover_enabled=&#8220;off&#8220; button_one_text_color__hover_enabled=&#8220;off&#8220; button_two_text_color__hover_enabled=&#8220;off&#8220; button_one_border_width__hover_enabled=&#8220;off&#8220; button_two_border_width__hover_enabled=&#8220;off&#8220; button_one_border_color__hover_enabled=&#8220;off&#8220; button_two_border_color__hover_enabled=&#8220;off&#8220; button_one_border_radius__hover_enabled=&#8220;off&#8220; button_two_border_radius__hover_enabled=&#8220;off&#8220; button_one_letter_spacing__hover_enabled=&#8220;off&#8220; button_two_letter_spacing__hover_enabled=&#8220;off&#8220; button_one_bg_color__hover_enabled=&#8220;off&#8220; button_two_bg_color__hover_enabled=&#8220;off&#8220;][\/et_pb_fullwidth_header][\/et_pb_section][et_pb_section fb_built=&#8220;1&#8243; _builder_version=&#8220;4.16&#8243; _module_preset=&#8220;default&#8220; global_colors_info=&#8220;{}&#8220;][et_pb_row _builder_version=&#8220;4.19.2&#8243; _module_preset=&#8220;default&#8220; background_size=&#8220;initial&#8220; background_position=&#8220;top_left&#8220; background_repeat=&#8220;repeat&#8220; hover_enabled=&#8220;0&#8243; global_colors_info=&#8220;{}&#8220; custom_margin=&#8220;-50px||||false|false&#8220; sticky_enabled=&#8220;0&#8243;][et_pb_column type=&#8220;4_4&#8243; _builder_version=&#8220;4.16&#8243; _module_preset=&#8220;default&#8220; custom_padding=&#8220;|||&#8220; global_colors_info=&#8220;{}&#8220; custom_padding__hover=&#8220;|||&#8220;][et_pb_text _builder_version=&#8220;4.19.2&#8243; _module_preset=&#8220;default&#8220; text_text_color=&#8220;#000000&#8243; background_size=&#8220;initial&#8220; background_position=&#8220;top_left&#8220; background_repeat=&#8220;repeat&#8220; global_colors_info=&#8220;{}&#8220;]<\/p>\n<ul>\n<li>Chronifizierte Beschwerden jeglicher Art<\/li>\n<li>Akute Krankheiten \/ auch bei Kindern<\/li>\n<li>Besonders auch \u00e4ltere Personen mit vielen gleichzeitigen Beschwerden<\/li>\n<li>Wiederkehrende Beschwerden<\/li>\n<li>Jede Krankheit, die sie nat\u00fcrlich und nebenwirkungsarm behandelt haben m\u00f6chten<\/li>\n<li>Post- Covid (sammle noch Erfahrung)<\/li>\n<\/ul>\n<p>Eine gleichzeitige schulmedizinische Behandlung ist unproblematisch.<\/p>\n<p>&nbsp;<\/p>\n<p>[\/et_pb_text][\/et_pb_column][\/et_pb_row][\/et_pb_section]<\/p>\n","protected":false},"excerpt":{"rendered":"<p>Chronifizierte Beschwerden jeglicher Art Akute Krankheiten \/ auch bei Kindern Besonders auch \u00e4ltere Personen mit vielen gleichzeitigen Beschwerden Wiederkehrende Beschwerden Jede Krankheit, die sie nat\u00fcrlich und nebenwirkungsarm behandelt haben m\u00f6chten Post- Covid (sammle noch Erfahrung) Eine gleichzeitige schulmedizinische Behandlung ist unproblematisch. &nbsp;<\/p>\n","protected":false},"author":2,"featured_media":0,"parent":0,"menu_order":0,"comment_status":"closed","ping_status":"closed","template":"","meta":{"_et_pb_use_builder":"on","_et_pb_old_content":"","_et_gb_content_width":""},"_links":{"self":[{"href":"https:\/\/zueri-homoeopathie.ch\/v0\/wp-json\/wp\/v2\/pages\/1296"}],"collection":[{"href":"https:\/\/zueri-homoeopathie.ch\/v0\/wp-json\/wp\/v2\/pages"}],"about":[{"href":"https:\/\/zueri-homoeopathie.ch\/v0\/wp-json\/wp\/v2\/types\/page"}],"author":[{"embeddable":true,"href":"https:\/\/zueri-homoeopathie.ch\/v0\/wp-json\/wp\/v2\/users\/2"}],"replies":[{"embeddable":true,"href":"https:\/\/zueri-homoeopathie.ch\/v0\/wp-json\/wp\/v2\/comments?post=1296"}],"version-history":[{"count":15,"href":"https:\/\/zueri-homoeopathie.ch\/v0\/wp-json\/wp\/v2\/pages\/1296\/revisions"}],"predecessor-version":[{"id":1537,"href":"https:\/\/zueri-homoeopathie.ch\/v0\/wp-json\/wp\/v2\/pages\/1296\/revisions\/1537"}],"wp:attachment":[{"href":"https:\/\/zueri-homoeopathie.ch\/v0\/wp-json\/wp\/v2\/media?parent=1296"}],"curies":[{"name":"wp","href":"https:\/\/api.w.org\/{rel}","templated":true}]}}