{"id":1255,"date":"2022-08-01T16:43:52","date_gmt":"2022-08-01T14:43:52","guid":{"rendered":"https:\/\/zueri-homoeopathie.ch\/v0\/?page_id=1255"},"modified":"2022-12-02T00:39:57","modified_gmt":"2022-12-01T23:39:57","slug":"angebot-fl","status":"publish","type":"page","link":"https:\/\/zueri-homoeopathie.ch\/v0\/angebot-fl\/","title":{"rendered":"Angebot"},"content":{"rendered":"<p>[et_pb_section fb_built=&#8220;1&#8243; fullwidth=&#8220;on&#8220; _builder_version=&#8220;4.19.1&#8243; _module_preset=&#8220;default&#8220; background_color=&#8220;#2ea3f2&#8243; use_background_color_gradient=&#8220;on&#8220; background_color_gradient_direction=&#8220;330deg&#8220; background_color_gradient_stops=&#8220;#2ea3f2 0%|#2e6df4 100%&#8220; background_color_gradient_start=&#8220;#2ea3f2&#8243; background_color_gradient_end=&#8220;#2e6df4&#8243; background_enable_image=&#8220;off&#8220; collapsed=&#8220;off&#8220; global_colors_info=&#8220;{}&#8220;][et_pb_fullwidth_header title=&#8220;Angebot&#8220; subhead=&#8220;Z\u00fcri Hom\u00f6opathie &#8211; Heilpflanzenpraxis Michael Senn&#8220; content_max_width=&#8220;none&#8220; _builder_version=&#8220;4.19.1&#8243; _module_preset=&#8220;default&#8220; title_font=&#8220;||||||||&#8220; title_text_color=&#8220;#FFFFFF&#8220; subhead_text_color=&#8220;#FFFFFF&#8220; background_color=&#8220;rgba(255, 255, 255, 0)&#8220; background_image=&#8220;https:\/\/zueri-homoeopathie.ch\/v0\/wp-content\/uploads\/2022\/07\/Homoeopathie_5_Globuli_1_5142_1.jpg&#8220; global_colors_info=&#8220;{}&#8220; button_one_text_size__hover_enabled=&#8220;off&#8220; button_two_text_size__hover_enabled=&#8220;off&#8220; button_one_text_color__hover_enabled=&#8220;off&#8220; button_two_text_color__hover_enabled=&#8220;off&#8220; button_one_border_width__hover_enabled=&#8220;off&#8220; button_two_border_width__hover_enabled=&#8220;off&#8220; button_one_border_color__hover_enabled=&#8220;off&#8220; button_two_border_color__hover_enabled=&#8220;off&#8220; button_one_border_radius__hover_enabled=&#8220;off&#8220; button_two_border_radius__hover_enabled=&#8220;off&#8220; button_one_letter_spacing__hover_enabled=&#8220;off&#8220; button_two_letter_spacing__hover_enabled=&#8220;off&#8220; button_one_bg_color__hover_enabled=&#8220;off&#8220; button_two_bg_color__hover_enabled=&#8220;off&#8220;][\/et_pb_fullwidth_header][\/et_pb_section][et_pb_section fb_built=&#8220;1&#8243; _builder_version=&#8220;4.17.6&#8243; _module_preset=&#8220;default&#8220; global_colors_info=&#8220;{}&#8220;][et_pb_row _builder_version=&#8220;4.19.2&#8243; _module_preset=&#8220;default&#8220; custom_margin=&#8220;-50px||||false|false&#8220; custom_padding=&#8220;||27px|||&#8220; link_option_url=&#8220;https:\/\/www.heilpflanzenpraxis.ch\/v1\/node\/63&#8243; link_option_url_new_window=&#8220;on&#8220; global_colors_info=&#8220;{}&#8220;][et_pb_column type=&#8220;4_4&#8243; _builder_version=&#8220;4.17.6&#8243; _module_preset=&#8220;default&#8220; global_colors_info=&#8220;{}&#8220;][et_pb_text _builder_version=&#8220;4.19.1&#8243; _module_preset=&#8220;default&#8220; text_text_color=&#8220;#000000&#8243; global_colors_info=&#8220;{}&#8220;]<\/p>\n<p>F\u00fcr eine Stunde verrechne ich CHF 144.-<br \/>Das gilt f\u00fcr alle Aktivit\u00e4ten, also Sprechstunde, Nachbearbeitung, Diagnose- und andere Ger\u00e4te, Telefon- oder Videotermine, manuelle Therapien, k\u00f6rperliche Untersuchungen etc.<br \/>Orientierungshilfe ist in normalem Rahmen kostenfrei.<\/p>\n<p>Ich biete folgende Erm\u00e4ssigungen an:<br \/>25%: Personen ohne Zusatzversicherung<br \/>50%: Meine Verwandtschaft 3+4. Grades<br \/>75%: Besitzer einer\u00a0<a href=\"https:\/\/kulturlegi.ch\" target=\"_blank\" rel=\"noopener\" title=\"Die KulturLegi ist ein pers\u00f6nlicher Ausweis f\u00fcr Menschen, die mit einem knappen Budget leben m\u00fcssen.\">Kultur- Legi<\/a><\/p>\n<p>Eine konstitutionelle hom\u00f6opathische Therapie umfasst grob:<\/p>\n<ul>\n<li>Einreichung des ausgef\u00fcllten Fragebogens<\/li>\n<li>Erstanamnese (1.5- 3 Std.*)<\/li>\n<li>Nachbearbeitung (Auffindung des Mittels) (max. 1 Std.)<\/li>\n<li>Follow ups in Abst\u00e4nden von 4- 6 Wochen (1\/2 \u00a0\u2013 1 Std.*)<\/li>\n<li>Nachbearbeitung, wo n\u00f6tig (max. 1 Std.)<br \/>* abgerechnet wird immer die effektive Zeit<\/li>\n<\/ul>\n<p>Bei akuten oder akuteren Beschwerden ist der Aufwand situativ dem Verlauf der Gesundung angepasst.<br \/>Ich bin mit entsprechender Zusatzversicherung bei allen Krankenkassen anerkannt. Zur Sicherheit bitte ich Sie, dies bei Ihrer Krankenkasse zu pr\u00fcfen!<br \/>Mein Angebot ist nicht auf die Empfehlung hom\u00f6opathischer Heilmittel limitiert. Ich begleite den Gesundheitsprozess, helfe bei akuten Beschwerden (auch w\u00e4hrend der konstitutionellen Therapie) und stehe Ihnen gerne in der Kommunikation mit anderen Gesundheitseinrichtungen bei. Ich stelle immer meinen gesamten Erfahrungsschatz zur Verf\u00fcgung.<br \/>In meiner Heilpflanzenpraxis arbeite ich mit drei Methoden, der Hom\u00f6opathie, der Naturheilkunde (mit Augendiagnose und Dunkelfeldmikroskopie) und ich f\u00fchre F.X.Mayr Kuren durch (Ern\u00e4hrungsberatung). Ich beschreibe jede T\u00e4tigkeit auf einer eigenen Webseite. Meine anderen zwei Webauftritte finden Sie hier:<\/p>\n<p><a href=\"https:\/\/www.heilpflanzenpraxis.ch\/\" target=\"_blank\" rel=\"noopener\" title=\"Heilpflanzenpraxis - Michael Senn\">heilpflanzenpraxis.ch<\/a><br \/><a href=\"https:\/\/www.heilpflanzenpraxis.ch\/v1\/node\/63\" target=\"_blank\" rel=\"noopener\" title=\"Meine Mayr Kur - Michael Senn\">meinemayrkur.ch<\/a><\/p>\n<p>[\/et_pb_text][\/et_pb_column][\/et_pb_row][\/et_pb_section][et_pb_section fb_built=&#8220;1&#8243; fullwidth=&#8220;on&#8220; _builder_version=&#8220;4.16&#8243; _module_preset=&#8220;default&#8220; collapsed=&#8220;off&#8220; global_colors_info=&#8220;{}&#8220;][\/et_pb_section]<\/p>\n","protected":false},"excerpt":{"rendered":"<p>F\u00fcr eine Stunde verrechne ich CHF 144.-Das gilt f\u00fcr alle Aktivit\u00e4ten, also Sprechstunde, Nachbearbeitung, Diagnose- und andere Ger\u00e4te, Telefon- oder Videotermine, manuelle Therapien, k\u00f6rperliche Untersuchungen etc.Orientierungshilfe ist in normalem Rahmen kostenfrei. Ich biete folgende Erm\u00e4ssigungen an:25%: Personen ohne Zusatzversicherung50%: Meine Verwandtschaft 3+4. Grades75%: Besitzer einer\u00a0Kultur- Legi Eine konstitutionelle hom\u00f6opathische Therapie umfasst grob: Einreichung des ausgef\u00fcllten [&hellip;]<\/p>\n","protected":false},"author":2,"featured_media":0,"parent":0,"menu_order":0,"comment_status":"closed","ping_status":"closed","template":"","meta":{"_et_pb_use_builder":"on","_et_pb_old_content":"","_et_gb_content_width":""},"_links":{"self":[{"href":"https:\/\/zueri-homoeopathie.ch\/v0\/wp-json\/wp\/v2\/pages\/1255"}],"collection":[{"href":"https:\/\/zueri-homoeopathie.ch\/v0\/wp-json\/wp\/v2\/pages"}],"about":[{"href":"https:\/\/zueri-homoeopathie.ch\/v0\/wp-json\/wp\/v2\/types\/page"}],"author":[{"embeddable":true,"href":"https:\/\/zueri-homoeopathie.ch\/v0\/wp-json\/wp\/v2\/users\/2"}],"replies":[{"embeddable":true,"href":"https:\/\/zueri-homoeopathie.ch\/v0\/wp-json\/wp\/v2\/comments?post=1255"}],"version-history":[{"count":34,"href":"https:\/\/zueri-homoeopathie.ch\/v0\/wp-json\/wp\/v2\/pages\/1255\/revisions"}],"predecessor-version":[{"id":1535,"href":"https:\/\/zueri-homoeopathie.ch\/v0\/wp-json\/wp\/v2\/pages\/1255\/revisions\/1535"}],"wp:attachment":[{"href":"https:\/\/zueri-homoeopathie.ch\/v0\/wp-json\/wp\/v2\/media?parent=1255"}],"curies":[{"name":"wp","href":"https:\/\/api.w.org\/{rel}","templated":true}]}}